{"id":21,"date":"2024-04-08T13:18:39","date_gmt":"2024-04-08T13:18:39","guid":{"rendered":"https:\/\/pasisadinmaki.fi\/?page_id=21"},"modified":"2025-03-20T10:41:14","modified_gmt":"2025-03-20T10:41:14","slug":"etusivu","status":"publish","type":"page","link":"https:\/\/pasisadinmaki.fi\/","title":{"rendered":"Etusivu"},"content":{"rendered":"\n<div class=\"wp-block-media-text is-stacked-on-mobile is-vertically-aligned-top\" style=\"grid-template-columns:32% auto\"><figure class=\"wp-block-media-text__media\"><img loading=\"lazy\" decoding=\"async\" width=\"300\" height=\"259\" src=\"https:\/\/pasisadinmaki.fi\/wp-content\/uploads\/2025\/03\/pasi-sadinmaki-300x259.jpg\" alt=\"\" class=\"wp-image-181 size-medium\" srcset=\"https:\/\/pasisadinmaki.fi\/wp-content\/uploads\/2025\/03\/pasi-sadinmaki-300x259.jpg 300w, https:\/\/pasisadinmaki.fi\/wp-content\/uploads\/2025\/03\/pasi-sadinmaki.jpg 320w\" sizes=\"auto, (max-width: 300px) 100vw, 300px\" \/><\/figure><div class=\"wp-block-media-text__content\">\n<h2 class=\"wp-block-heading\">\u00c4\u00e4nest\u00e4 minua. Numeroni on <strong>106<\/strong>.<\/h2>\n<\/div><\/div>\n","protected":false},"excerpt":{"rendered":"<p>\u00c4\u00e4nest\u00e4 minua. Numeroni on 106.<\/p>\n","protected":false},"author":1,"featured_media":0,"parent":0,"menu_order":0,"comment_status":"closed","ping_status":"closed","template":"","meta":{"footnotes":""},"class_list":["post-21","page","type-page","status-publish","hentry"],"_links":{"self":[{"href":"https:\/\/pasisadinmaki.fi\/index.php?rest_route=\/wp\/v2\/pages\/21","targetHints":{"allow":["GET"]}}],"collection":[{"href":"https:\/\/pasisadinmaki.fi\/index.php?rest_route=\/wp\/v2\/pages"}],"about":[{"href":"https:\/\/pasisadinmaki.fi\/index.php?rest_route=\/wp\/v2\/types\/page"}],"author":[{"embeddable":true,"href":"https:\/\/pasisadinmaki.fi\/index.php?rest_route=\/wp\/v2\/users\/1"}],"replies":[{"embeddable":true,"href":"https:\/\/pasisadinmaki.fi\/index.php?rest_route=%2Fwp%2Fv2%2Fcomments&post=21"}],"version-history":[{"count":4,"href":"https:\/\/pasisadinmaki.fi\/index.php?rest_route=\/wp\/v2\/pages\/21\/revisions"}],"predecessor-version":[{"id":184,"href":"https:\/\/pasisadinmaki.fi\/index.php?rest_route=\/wp\/v2\/pages\/21\/revisions\/184"}],"wp:attachment":[{"href":"https:\/\/pasisadinmaki.fi\/index.php?rest_route=%2Fwp%2Fv2%2Fmedia&parent=21"}],"curies":[{"name":"wp","href":"https:\/\/api.w.org\/{rel}","templated":true}]}}