{"id":152,"date":"2024-10-29T10:13:34","date_gmt":"2024-10-29T10:13:34","guid":{"rendered":"https:\/\/pasisadinmaki.fi\/?page_id=152"},"modified":"2025-03-20T11:05:52","modified_gmt":"2025-03-20T11:05:52","slug":"tavoitteeni","status":"publish","type":"page","link":"https:\/\/pasisadinmaki.fi\/?page_id=152","title":{"rendered":"Tavoitteeni"},"content":{"rendered":"\n<p class=\"has-medium-font-size\">L\u00e4hdin politiikkaan mukaan vuonna 2020 liittym\u00e4ll\u00e4 SDP.n j\u00e4seneksi.<br><br>Ajattelin ettei en\u00e4\u00e4 pelkk\u00e4 \u00e4\u00e4nest\u00e4minen riit\u00e4 ett\u00e4 p\u00e4\u00e4st\u00e4v\u00e4 vaikuttamaan asioihin p\u00e4\u00e4sem\u00e4ll\u00e4 kaupungin edustusteht\u00e4viin. Olin ehdolla vuonna 2021 kuntavaaleissa ja \u00e4\u00e4nim\u00e4\u00e4r\u00e4 j\u00e4i suppeaksi 18kpl, toisaalta en p\u00e4\u00e4ssyt tekem\u00e4\u00e4n ns. vaality\u00f6t\u00e4, kuten halusin, koska korona sotki suunnitelmat sek\u00e4 l\u00e4heisen ihmisen yll\u00e4tt\u00e4v\u00e4 itsemurha.<br><br>Nyt virtaa riitt\u00e4\u00e4 ja haluan saada lis\u00e4\u00e4 n\u00e4kyvyytt\u00e4\/rahaa ihmisten mielenterveysongelmiin ihan matalalla kynnyksell\u00e4. Ei heit\u00e4 voi j\u00e4tt\u00e4\u00e4 yksin tai oman onnensa nojaan, jokaisen el\u00e4m\u00e4 on yht\u00e4 t\u00e4rke\u00e4. Haluan my\u00f6s nyt saada case Kisapuiston maaliin jatkuva jahkaaminen vaan stressaa turhaan kaupunkia, joten jostain se 13miljoonaa on saatava eli yritykset messiin mukaan.<br><br>Vesiurkujen lopetus oli kanssa aivan naurettava juttu, siell\u00e4 monet kehitysvammaiset\/mielenterveyskuntoutujat saivat vuosittain iloa el\u00e4m\u00e4\u00e4ns\u00e4 ja nyt sekin heilt\u00e4 pois. T\u00e4m\u00e4 aika helppo asia korjattavaksi kuntoon kun p\u00e4\u00e4sisi asiaan vaikuttamaan.<br><br>K\u00e4yk\u00e4\u00e4 lukemassa harrastuksistani ja miss\u00e4 eri teht\u00e4viss\u00e4 t\u00e4ll\u00e4 hetkell\u00e4 toimin, siit\u00e4 saa jotain kuvaa minusta tai kuten frendit sanoo \u201dhyv\u00e4 tyyppi\u201d<br><br>Ollaan kuulolla Lahtelaiset\/\u00c4\u00e4nest\u00e4j\u00e4t ja saa olla yhteydess\u00e4 rohkeasti, kyll\u00e4 t\u00e4st\u00e4 Lahesta tehd\u00e4\u00e4n viel\u00e4 hyv\u00e4 paikka asua kaikille!!!<\/p>\n","protected":false},"excerpt":{"rendered":"<p>L\u00e4hdin politiikkaan mukaan vuonna 2020 liittym\u00e4ll\u00e4 SDP.n j\u00e4seneksi. Ajattelin ettei en\u00e4\u00e4 pelkk\u00e4 \u00e4\u00e4nest\u00e4minen riit\u00e4 ett\u00e4 p\u00e4\u00e4st\u00e4v\u00e4 vaikuttamaan asioihin p\u00e4\u00e4sem\u00e4ll\u00e4 kaupungin edustusteht\u00e4viin. Olin ehdolla vuonna 2021&hellip;<\/p>\n","protected":false},"author":1,"featured_media":0,"parent":0,"menu_order":0,"comment_status":"closed","ping_status":"closed","template":"","meta":{"footnotes":""},"class_list":["post-152","page","type-page","status-publish","hentry"],"_links":{"self":[{"href":"https:\/\/pasisadinmaki.fi\/index.php?rest_route=\/wp\/v2\/pages\/152","targetHints":{"allow":["GET"]}}],"collection":[{"href":"https:\/\/pasisadinmaki.fi\/index.php?rest_route=\/wp\/v2\/pages"}],"about":[{"href":"https:\/\/pasisadinmaki.fi\/index.php?rest_route=\/wp\/v2\/types\/page"}],"author":[{"embeddable":true,"href":"https:\/\/pasisadinmaki.fi\/index.php?rest_route=\/wp\/v2\/users\/1"}],"replies":[{"embeddable":true,"href":"https:\/\/pasisadinmaki.fi\/index.php?rest_route=%2Fwp%2Fv2%2Fcomments&post=152"}],"version-history":[{"count":1,"href":"https:\/\/pasisadinmaki.fi\/index.php?rest_route=\/wp\/v2\/pages\/152\/revisions"}],"predecessor-version":[{"id":154,"href":"https:\/\/pasisadinmaki.fi\/index.php?rest_route=\/wp\/v2\/pages\/152\/revisions\/154"}],"wp:attachment":[{"href":"https:\/\/pasisadinmaki.fi\/index.php?rest_route=%2Fwp%2Fv2%2Fmedia&parent=152"}],"curies":[{"name":"wp","href":"https:\/\/api.w.org\/{rel}","templated":true}]}}