{"id":141,"date":"2024-10-29T09:57:39","date_gmt":"2024-10-29T09:57:39","guid":{"rendered":"https:\/\/pasisadinmaki.fi\/?page_id=141"},"modified":"2024-10-29T10:09:00","modified_gmt":"2024-10-29T10:09:00","slug":"harrastukset","status":"publish","type":"page","link":"https:\/\/pasisadinmaki.fi\/?page_id=141","title":{"rendered":"Harrastukset"},"content":{"rendered":"\n<p class=\"has-medium-font-size\">Harrastuksiin kuuluu Salibandy, M\u00f6lkky ja Pokeri (Kortteliliigassa kaikki n\u00e4m\u00e4).<\/p>\n\n\n\n<p class=\"has-medium-font-size\">Fanaattinen Pelicans kannattaminen ja yleens\u00e4kin urheilun seuranta.<\/p>\n\n\n\n<p class=\"has-medium-font-size\">S\u00e4\u00e4nn\u00f6llisten illanistujaisten j\u00e4rjestelyt, osaan pit\u00e4\u00e4 hauskaa!!!!<\/p>\n\n\n\n<p><\/p>\n","protected":false},"excerpt":{"rendered":"<p>Harrastuksiin kuuluu Salibandy, M\u00f6lkky ja Pokeri (Kortteliliigassa kaikki n\u00e4m\u00e4). Fanaattinen Pelicans kannattaminen ja yleens\u00e4kin urheilun seuranta. S\u00e4\u00e4nn\u00f6llisten illanistujaisten j\u00e4rjestelyt, osaan pit\u00e4\u00e4 hauskaa!!!!<\/p>\n","protected":false},"author":1,"featured_media":0,"parent":0,"menu_order":0,"comment_status":"closed","ping_status":"closed","template":"","meta":{"footnotes":""},"class_list":["post-141","page","type-page","status-publish","hentry"],"_links":{"self":[{"href":"https:\/\/pasisadinmaki.fi\/index.php?rest_route=\/wp\/v2\/pages\/141","targetHints":{"allow":["GET"]}}],"collection":[{"href":"https:\/\/pasisadinmaki.fi\/index.php?rest_route=\/wp\/v2\/pages"}],"about":[{"href":"https:\/\/pasisadinmaki.fi\/index.php?rest_route=\/wp\/v2\/types\/page"}],"author":[{"embeddable":true,"href":"https:\/\/pasisadinmaki.fi\/index.php?rest_route=\/wp\/v2\/users\/1"}],"replies":[{"embeddable":true,"href":"https:\/\/pasisadinmaki.fi\/index.php?rest_route=%2Fwp%2Fv2%2Fcomments&post=141"}],"version-history":[{"count":2,"href":"https:\/\/pasisadinmaki.fi\/index.php?rest_route=\/wp\/v2\/pages\/141\/revisions"}],"predecessor-version":[{"id":150,"href":"https:\/\/pasisadinmaki.fi\/index.php?rest_route=\/wp\/v2\/pages\/141\/revisions\/150"}],"wp:attachment":[{"href":"https:\/\/pasisadinmaki.fi\/index.php?rest_route=%2Fwp%2Fv2%2Fmedia&parent=141"}],"curies":[{"name":"wp","href":"https:\/\/api.w.org\/{rel}","templated":true}]}}